{"id":119,"date":"2023-03-30T15:02:28","date_gmt":"2023-03-30T15:02:28","guid":{"rendered":"https:\/\/xn--gstehaus-am-klinikum-bzb.de\/?page_id=119"},"modified":"2025-12-10T10:36:17","modified_gmt":"2025-12-10T10:36:17","slug":"zimmer","status":"publish","type":"page","link":"https:\/\/xn--gstehaus-am-klinikum-bzb.de\/en\/zimmer\/","title":{"rendered":"ROOMS"},"content":{"rendered":"<p>[et_pb_section fb_built=&#8220;1&#8243; admin_label=&#8220;Header&#8220; _builder_version=&#8220;4.20.2&#8243; background_color=&#8220;#d0dccf&#8220; overflow-x=&#8220;hidden&#8220; overflow-y=&#8220;hidden&#8220; custom_padding=&#8220;||0px|||&#8220; global_colors_info=&#8220;{}&#8220;][et_pb_row column_structure=&#8220;2_3,1_3&#8243; custom_padding_last_edited=&#8220;on|phone&#8220; _builder_version=&#8220;4.16&#8243; custom_padding=&#8220;||30px||false|false&#8220; custom_padding_tablet=&#8220;&#8220; custom_padding_phone=&#8220;&#8220; global_colors_info=&#8220;{}&#8220;][et_pb_column type=&#8220;2_3&#8243; _builder_version=&#8220;4.16&#8243; global_colors_info=&#8220;{}&#8220; background_color__hover=&#8220;#859195&#8243;][et_pb_text _builder_version=&#8220;4.20.4&#8243; text_font_size=&#8220;18px&#8220; text_line_height=&#8220;2em&#8220; header_font=&#8220;Unna||||||||&#8220; header_font_size=&#8220;96px&#8220; text_font_size_tablet=&#8220;16px&#8220; text_font_size_phone=&#8220;15px&#8220; text_font_size_last_edited=&#8220;on|phone&#8220; header_font_tablet=&#8220;&#8220; header_font_phone=&#8220;&#8220; header_font_last_edited=&#8220;on|phone&#8220; header_font_size_tablet=&#8220;60px&#8220; header_font_size_phone=&#8220;42px&#8220; header_font_size_last_edited=&#8220;on|tablet&#8220; global_colors_info=&#8220;{}&#8220;]<\/p>\n<h1>ZIMMER<\/h1>\n<p>[\/et_pb_text][\/et_pb_column][et_pb_column type=&#8220;1_3&#8243; _builder_version=&#8220;4.16&#8243; global_colors_info=&#8220;{}&#8220; background_color__hover=&#8220;#859195&#8243;][\/et_pb_column][\/et_pb_row][et_pb_row column_structure=&#8220;1_3,1_3,1_3&#8243; _builder_version=&#8220;4.20.4&#8243; custom_padding=&#8220;||0px|||&#8220; global_colors_info=&#8220;{}&#8220;][et_pb_column type=&#8220;1_3&#8243; _builder_version=&#8220;4.16&#8243; global_colors_info=&#8220;{}&#8220; background_color__hover=&#8220;#859195&#8243;][et_pb_image src=&#8220;https:\/\/xn--gstehaus-am-klinikum-bzb.de\/wp-content\/uploads\/2023\/03\/b_DSC0631-2.jpg&#8220; title_text=&#8220;b_DSC0631-2&#8243; _builder_version=&#8220;4.20.2&#8243; max_height_tablet=&#8220;300px&#8220; max_height_phone=&#8220;&#8220; max_height_last_edited=&#8220;on|tablet&#8220; custom_margin=&#8220;|||-5vw|false|false&#8220; custom_margin_tablet=&#8220;|||0vw|false|false&#8220; custom_margin_phone=&#8220;&#8220; custom_margin_last_edited=&#8220;on|tablet&#8220; global_colors_info=&#8220;{}&#8220;][\/et_pb_image][et_pb_image src=&#8220;https:\/\/xn--gstehaus-am-klinikum-bzb.de\/wp-content\/uploads\/2023\/03\/b_DSC0651.jpg&#8220; title_text=&#8220;b_DSC0651&#8243; _builder_version=&#8220;4.21.0&#8243; max_height_tablet=&#8220;300px&#8220; max_height_phone=&#8220;&#8220; max_height_last_edited=&#8220;on|tablet&#8220; custom_margin=&#8220;|||-5vw|false|false&#8220; custom_margin_tablet=&#8220;|||0vw|false|false&#8220; custom_margin_phone=&#8220;&#8220; custom_margin_last_edited=&#8220;on|tablet&#8220; global_colors_info=&#8220;{}&#8220;][\/et_pb_image][\/et_pb_column][et_pb_column type=&#8220;1_3&#8243; _builder_version=&#8220;4.16&#8243; global_colors_info=&#8220;{}&#8220; background_color__hover=&#8220;#859195&#8243;][et_pb_text _builder_version=&#8220;4.21.0&#8243; text_font_size=&#8220;15px&#8220; text_line_height=&#8220;2em&#8220; text_font_size_tablet=&#8220;16px&#8220; text_font_size_phone=&#8220;15px&#8220; text_font_size_last_edited=&#8220;on|phone&#8220; global_colors_info=&#8220;{}&#8220;]<\/p>\n<p><span style=\"color: #000000;\">Das G\u00e4stehaus am Klinikum in Halle an der Saale liegt 1,6 km von der Burg Giebichenstein entfernt und bietet einen Garten, Nichtraucherzimmer, kostenfreies WLAN in allen Bereichen und eine Terrasse. Diese Unterkunft bietet Familienzimmer und einen Grill. An der Unterkunft stehen Ihnen Privatparkpl\u00e4tze zur Verf\u00fcgung.<\/span><\/p>\n<p><span style=\"color: #000000;\">Die Zimmer in der Pension sind mit einem Schreibtisch, einem Flachbild-TV, einem eigenen Bad, Bettw\u00e4sche und Handt\u00fcchern ausgestattet. Ein Kleiderschrank ist ebenfalls vorhanden.<\/span><\/p>\n<p><span style=\"color: #000000;\">Die Georg-Friedrich-Haendel-Halle liegt 4,6 km vom G\u00e4stehaus entfernt und die Oper Halle erreichen Sie nach 4,7 km. Der n\u00e4chste Flughafen ist der 28 km von der Unterkunft entfernte Flughafen Leipzig\/Halle.<\/span><\/p>\n<p>[\/et_pb_text][\/et_pb_column][et_pb_column type=&#8220;1_3&#8243; _builder_version=&#8220;4.16&#8243; global_colors_info=&#8220;{}&#8220; background_color__hover=&#8220;#859195&#8243;][et_pb_image src=&#8220;https:\/\/xn--gstehaus-am-klinikum-bzb.de\/wp-content\/uploads\/2023\/03\/b_DSC0628-2.jpg&#8220; title_text=&#8220;b_DSC0628-2&#8243; _builder_version=&#8220;4.20.2&#8243; max_height_tablet=&#8220;300px&#8220; max_height_phone=&#8220;&#8220; max_height_last_edited=&#8220;on|tablet&#8220; custom_margin=&#8220;-250px|-15vw|||false|false&#8220; custom_margin_tablet=&#8220;0px|0vw|||false|false&#8220; custom_margin_phone=&#8220;&#8220; custom_margin_last_edited=&#8220;on|tablet&#8220; locked=&#8220;off&#8220; global_colors_info=&#8220;{}&#8220;][\/et_pb_image][\/et_pb_column][\/et_pb_row][et_pb_row _builder_version=&#8220;4.27.5&#8243; _module_preset=&#8220;default&#8220; global_colors_info=&#8220;{}&#8220;][et_pb_column type=&#8220;4_4&#8243; _builder_version=&#8220;4.27.5&#8243; _module_preset=&#8220;default&#8220; global_colors_info=&#8220;{}&#8220;][et_pb_text _builder_version=&#8220;4.27.5&#8243; _module_preset=&#8220;default&#8220; header_font_size=&#8220;29px&#8220; global_colors_info=&#8220;{}&#8220;]<\/p>\n<h1><strong>Neuerungen im G\u00e4stehaus am Klinikum ab 2026<\/strong><\/h1>\n<p>[\/et_pb_text][et_pb_text _builder_version=&#8220;4.27.5&#8243; _module_preset=&#8220;default&#8220; text_font_size=&#8220;16px&#8220; global_colors_info=&#8220;{}&#8220;]<\/p>\n<p data-start=\"846\" data-end=\"1138\">Wir freuen uns, unseren G\u00e4sten ab 2026 noch mehr Komfort bieten zu k\u00f6nnen!<\/p>\n<p data-start=\"846\" data-end=\"1138\"><strong data-start=\"947\" data-end=\"981\">2 neue Zimmer im Souterrain &amp; Gemeinschaftsk\u00fcche<\/strong><br \/>Unser G\u00e4stehaus wird um zwei neue Zimmer im Souterrain erweitert.\u00a0Beide Zimmer sind modern ausgestattet und verf\u00fcgen \u00fcber eine eigene kleine K\u00fcche \u2013 perfekt f\u00fcr alle, die sich unabh\u00e4ngig versorgen m\u00f6chten.<\/p>\n<p data-start=\"1140\" data-end=\"1354\">Zus\u00e4tzlich entsteht eine gro\u00dfe, komplett neue Gemeinschaftsk\u00fcche, welche allen G\u00e4sten offensteht. Hier k\u00f6nnen Sie gemeinsam kochen, sich austauschen oder einfach in gem\u00fctlicher Atmosph\u00e4re eine Mahlzeit genie\u00dfen.<\/p>\n<p data-start=\"1356\" data-end=\"1504\">Mit diesen Erweiterungen m\u00f6chten wir den Aufenthalt bei uns noch angenehmer und flexibler gestalten \u2013 ob f\u00fcr kurze oder l\u00e4ngere Besuche am Klinikum.<\/p>\n<p>[\/et_pb_text][\/et_pb_column][\/et_pb_row][\/et_pb_section][et_pb_section fb_built=&#8220;1&#8243; _builder_version=&#8220;4.20.2&#8243; _module_preset=&#8220;default&#8220; global_colors_info=&#8220;{}&#8220;][et_pb_row column_structure=&#8220;3_5,2_5&#8243; _builder_version=&#8220;4.20.4&#8243; _module_preset=&#8220;default&#8220; global_colors_info=&#8220;{}&#8220;][et_pb_column type=&#8220;3_5&#8243; _builder_version=&#8220;4.20.4&#8243; _module_preset=&#8220;default&#8220; animation_style=&#8220;slide&#8220; global_colors_info=&#8220;{}&#8220;][et_pb_text _builder_version=&#8220;4.27.4&#8243; _module_preset=&#8220;default&#8220; global_colors_info=&#8220;{}&#8220;]<\/p>\n<h2><strong>EINZELZIMMER<\/strong><\/h2>\n<h4><span style=\"color: #000000;\"><strong>Einzelzimmer:<\/strong> 68,00 \u20ac<\/span><\/h4>\n<p><span style=\"color: #000000;\">1 Nacht mit 30% Aufschlag<br \/><strong>Alle Zimmer sind ausschlie\u00dflich \u00fcber Treppen erreichbar!<\/strong><br \/>Keine Barrierefreiheit.<br \/><\/span><\/p>\n<p>[\/et_pb_text][\/et_pb_column][et_pb_column type=&#8220;2_5&#8243; _builder_version=&#8220;4.20.2&#8243; _module_preset=&#8220;default&#8220; global_colors_info=&#8220;{}&#8220;][et_pb_image src=&#8220;https:\/\/xn--gstehaus-am-klinikum-bzb.de\/wp-content\/uploads\/2023\/03\/b_DSC0641.jpg&#8220; title_text=&#8220;b_DSC0641&#8243; _builder_version=&#8220;4.20.4&#8243; _module_preset=&#8220;default&#8220; max_height=&#8220;200px&#8220; global_colors_info=&#8220;{}&#8220;][\/et_pb_image][\/et_pb_column][\/et_pb_row][et_pb_row column_structure=&#8220;2_5,3_5&#8243; _builder_version=&#8220;4.20.2&#8243; _module_preset=&#8220;default&#8220; global_colors_info=&#8220;{}&#8220;][et_pb_column type=&#8220;2_5&#8243; _builder_version=&#8220;4.20.2&#8243; _module_preset=&#8220;default&#8220; global_colors_info=&#8220;{}&#8220;][et_pb_image src=&#8220;https:\/\/xn--gstehaus-am-klinikum-bzb.de\/wp-content\/uploads\/2023\/03\/b_DSC0637.jpg&#8220; title_text=&#8220;b_DSC0637&#8243; align=&#8220;right&#8220; _builder_version=&#8220;4.20.4&#8243; _module_preset=&#8220;default&#8220; max_height=&#8220;200px&#8220; global_colors_info=&#8220;{}&#8220;][\/et_pb_image][\/et_pb_column][et_pb_column type=&#8220;3_5&#8243; _builder_version=&#8220;4.20.2&#8243; _module_preset=&#8220;default&#8220; global_colors_info=&#8220;{}&#8220;][et_pb_text _builder_version=&#8220;4.27.4&#8243; _module_preset=&#8220;default&#8220; animation_style=&#8220;slide&#8220; global_colors_info=&#8220;{}&#8220;]<\/p>\n<h2><strong>DOPPELZIMMER<\/strong><\/h2>\n<h4><span style=\"color: #000000;\"><strong>Doppelzimmer:<\/strong> 79,00 \u20ac<\/span><\/h4>\n<p><span style=\"color: #000000;\">1 Nacht mit 30% Aufschlag<br \/><strong>Alle Zimmer sind ausschlie\u00dflich \u00fcber Treppen erreichbar!<\/strong><br \/>Keine Barrierefreiheit.<\/span><\/p>\n<p>[\/et_pb_text][\/et_pb_column][\/et_pb_row][et_pb_row column_structure=&#8220;3_5,2_5&#8243; _builder_version=&#8220;4.20.2&#8243; _module_preset=&#8220;default&#8220; global_colors_info=&#8220;{}&#8220;][et_pb_column type=&#8220;3_5&#8243; _builder_version=&#8220;4.20.2&#8243; _module_preset=&#8220;default&#8220; global_colors_info=&#8220;{}&#8220;][et_pb_text _builder_version=&#8220;4.27.4&#8243; _module_preset=&#8220;default&#8220; animation_style=&#8220;slide&#8220; global_colors_info=&#8220;{}&#8220;]<\/p>\n<h2><strong>DREIBETTZIMMER<\/strong><\/h2>\n<h4><span style=\"color: #000000;\"><strong>Dreibettzimmer:<\/strong> 90,00 \u20ac<\/span><\/h4>\n<p><span style=\"color: #000000;\">1 Nacht mit 30% Aufschlag<br \/><strong>Alle Zimmer sind ausschlie\u00dflich \u00fcber Treppen erreichbar!<\/strong><br \/>Keine Barrierefreiheit.<\/span><\/p>\n<p>[\/et_pb_text][\/et_pb_column][et_pb_column type=&#8220;2_5&#8243; _builder_version=&#8220;4.20.2&#8243; _module_preset=&#8220;default&#8220; global_colors_info=&#8220;{}&#8220;][et_pb_image src=&#8220;https:\/\/xn--gstehaus-am-klinikum-bzb.de\/wp-content\/uploads\/2023\/03\/b_DSC0635.jpg&#8220; title_text=&#8220;b_DSC0635&#8243; _builder_version=&#8220;4.20.4&#8243; _module_preset=&#8220;default&#8220; max_height=&#8220;200px&#8220; global_colors_info=&#8220;{}&#8220;][\/et_pb_image][\/et_pb_column][\/et_pb_row][et_pb_row column_structure=&#8220;2_5,3_5&#8243; _builder_version=&#8220;4.20.2&#8243; _module_preset=&#8220;default&#8220; global_colors_info=&#8220;{}&#8220;][et_pb_column type=&#8220;2_5&#8243; _builder_version=&#8220;4.20.2&#8243; _module_preset=&#8220;default&#8220; global_colors_info=&#8220;{}&#8220;][et_pb_image src=&#8220;https:\/\/xn--gstehaus-am-klinikum-bzb.de\/wp-content\/uploads\/2023\/07\/b_IMG_9779.png&#8220; title_text=&#8220;b_IMG_9779&#8243; align=&#8220;right&#8220; _builder_version=&#8220;4.21.0&#8243; _module_preset=&#8220;default&#8220; max_height=&#8220;200px&#8220; global_colors_info=&#8220;{}&#8220;][\/et_pb_image][\/et_pb_column][et_pb_column type=&#8220;3_5&#8243; _builder_version=&#8220;4.20.2&#8243; _module_preset=&#8220;default&#8220; global_colors_info=&#8220;{}&#8220;][et_pb_text _builder_version=&#8220;4.27.4&#8243; _module_preset=&#8220;default&#8220; animation_style=&#8220;slide&#8220; global_colors_info=&#8220;{}&#8220;]<\/p>\n<h2><strong>VIERBETTZIMMER<\/strong><\/h2>\n<h4><span style=\"color: #000000;\"><strong>Vierbettzimmer:<\/strong> 101,00 \u20ac<\/span><\/h4>\n<p><span style=\"color: #000000;\">1 Nacht mit 30% Aufschlag<br \/><strong>Alle Zimmer sind ausschlie\u00dflich \u00fcber Treppen erreichbar!<\/strong><br \/>Keine Barrierefreiheit.<\/span><\/p>\n<p>[\/et_pb_text][\/et_pb_column][\/et_pb_row][et_pb_row _builder_version=&#8220;4.21.0&#8243; _module_preset=&#8220;default&#8220; global_colors_info=&#8220;{}&#8220;][et_pb_column type=&#8220;4_4&#8243; _builder_version=&#8220;4.21.0&#8243; _module_preset=&#8220;default&#8220; global_colors_info=&#8220;{}&#8220;][et_pb_divider _builder_version=&#8220;4.21.0&#8243; _module_preset=&#8220;default&#8220; global_colors_info=&#8220;{}&#8220;][\/et_pb_divider][\/et_pb_column][\/et_pb_row][et_pb_row column_structure=&#8220;1_3,1_3,1_3&#8243; _builder_version=&#8220;4.21.0&#8243; _module_preset=&#8220;default&#8220; global_colors_info=&#8220;{}&#8220;][et_pb_column type=&#8220;1_3&#8243; _builder_version=&#8220;4.21.0&#8243; _module_preset=&#8220;default&#8220; global_colors_info=&#8220;{}&#8220;][et_pb_text _builder_version=&#8220;4.27.4&#8243; _module_preset=&#8220;default&#8220; global_colors_info=&#8220;{}&#8220;]<\/p>\n<p>Wir bietet Ihnen 2-Bett-, 3-Bett- und ein Vierbettzimmer an. Die Aufstellung eines Kinderbettes ist ebenfalls m\u00f6glich.<br \/><strong>Kinder im Zimmer der Eltern bis 6 Jahre frei, Kinder von 7-12 Jahre 33,- \u20ac \/ Nacht.<\/strong><\/p>\n<p>[\/et_pb_text][\/et_pb_column][et_pb_column type=&#8220;1_3&#8243; _builder_version=&#8220;4.21.0&#8243; _module_preset=&#8220;default&#8220; global_colors_info=&#8220;{}&#8220;][et_pb_text _builder_version=&#8220;4.21.0&#8243; _module_preset=&#8220;default&#8220; global_colors_info=&#8220;{}&#8220;]<\/p>\n<h3><strong><span class=\"copyright\">Zimmer im 1 Obergeschos<\/span><\/strong><\/h3>\n<ul>\n<li>\u201eLyonel Feininger\u201c<\/li>\n<li>\u201ePaul Klee\u201c<\/li>\n<li>\u201eWassily Kandinsky\u201c<\/li>\n<\/ul>\n<p>[\/et_pb_text][\/et_pb_column][et_pb_column type=&#8220;1_3&#8243; _builder_version=&#8220;4.21.0&#8243; _module_preset=&#8220;default&#8220; global_colors_info=&#8220;{}&#8220;][et_pb_text _builder_version=&#8220;4.21.0&#8243; _module_preset=&#8220;default&#8220; global_colors_info=&#8220;{}&#8220;]<\/p>\n<h3><span class=\"copyright\"><strong>Zimmer im 2 Obergeschoss<\/strong> <\/span><\/h3>\n<ul>\n<li>\u201eWalter Gropius\u201c<\/li>\n<li>\u201eHannes Meyer\u201c<\/li>\n<li>\u201eLudwig Mies van der Rohe\u201c<\/li>\n<\/ul>\n<p>[\/et_pb_text][\/et_pb_column][\/et_pb_row][et_pb_row _builder_version=&#8220;4.21.0&#8243; _module_preset=&#8220;default&#8220; global_colors_info=&#8220;{}&#8220;][et_pb_column type=&#8220;4_4&#8243; _builder_version=&#8220;4.21.0&#8243; _module_preset=&#8220;default&#8220; global_colors_info=&#8220;{}&#8220;][et_pb_text _builder_version=&#8220;4.27.4&#8243; _module_preset=&#8220;default&#8220; global_colors_info=&#8220;{}&#8220;]<\/p>\n<p>Sollten Sie lediglich nur eine Nacht in unserem Haus verweilen, m\u00fcssen wir einen Aufschalg von 30% auf den Zimmerpreis erheben. Wir bitten um ihr Verst\u00e4ndnis!<\/p>\n<p>[\/et_pb_text][\/et_pb_column][\/et_pb_row][\/et_pb_section][et_pb_section fb_built=&#8220;1&#8243; custom_padding_last_edited=&#8220;on|phone&#8220; _builder_version=&#8220;4.16&#8243; background_color=&#8220;#ecf3f2&#8243; width=&#8220;90%&#8220; width_tablet=&#8220;&#8220; width_phone=&#8220;100%&#8220; width_last_edited=&#8220;on|phone&#8220; custom_padding=&#8220;0px||0px|10vw|false|false&#8220; custom_padding_tablet=&#8220;&#8220; custom_padding_phone=&#8220;|||0vw|false|false&#8220; global_colors_info=&#8220;{}&#8220;][et_pb_row column_structure=&#8220;1_3,1_3,1_3&#8243; use_custom_gutter=&#8220;on&#8220; gutter_width=&#8220;1&#8243; make_equal=&#8220;on&#8220; _builder_version=&#8220;4.23.1&#8243; background_enable_color=&#8220;off&#8220; width=&#8220;100%&#8220; width_tablet=&#8220;&#8220; width_phone=&#8220;90%&#8220; width_last_edited=&#8220;on|desktop&#8220; custom_padding=&#8220;||0px|||&#8220; module_alignment_tablet=&#8220;&#8220; module_alignment_phone=&#8220;center&#8220; module_alignment_last_edited=&#8220;on|phone&#8220; locked=&#8220;off&#8220; global_colors_info=&#8220;{}&#8220;][et_pb_column type=&#8220;1_3&#8243; _builder_version=&#8220;4.23.1&#8243; link_option_url=&#8220;#&#8220; border_width_right=&#8220;1px&#8220; border_color_right=&#8220;rgba(51,51,51,0.1)&#8220; border_width_right_tablet=&#8220;0px&#8220; border_width_right_phone=&#8220;&#8220; border_width_right_last_edited=&#8220;on|tablet&#8220; global_colors_info=&#8220;{}&#8220; background__hover_enabled=&#8220;on|hover&#8220; background_color__hover=&#8220;rgba(133,145,149,0)&#8220; background_enable_color__hover=&#8220;on&#8220;][et_pb_blurb title=&#8220;1-2-3-4-BETT&#8220; image=&#8220;https:\/\/xn--gstehaus-am-klinikum-bzb.de\/wp-content\/uploads\/2023\/03\/Home-Organizer-9.png&#8220; icon_alignment=&#8220;left&#8220; image_last_edited=&#8220;off|desktop&#8220; _builder_version=&#8220;4.23.1&#8243; header_font=&#8220;Unna|700|||||||&#8220; header_font_size=&#8220;30px&#8220; header_line_height=&#8220;1.2em&#8220; body_line_height=&#8220;1.8em&#8220; background_color=&#8220;rgba(0,0,0,0)&#8220; custom_padding=&#8220;45px|30px|45px|30px|true|true&#8220; custom_padding_tablet=&#8220;40px||40px||true|true&#8220; custom_padding_phone=&#8220;30px|20px|30px|20px|true|true&#8220; custom_padding_last_edited=&#8220;on|phone&#8220; animation=&#8220;off&#8220; box_shadow_style=&#8220;preset4&#8243; box_shadow_horizontal=&#8220;0px&#8220; box_shadow_vertical=&#8220;0px&#8220; box_shadow_color=&#8220;#104657&#8243; locked=&#8220;off&#8220; global_colors_info=&#8220;{}&#8220; background_color__hover=&#8220;#104657&#8243; background_enable_color__hover=&#8220;on&#8220; box_shadow_vertical__hover=&#8220;20px&#8220; box_shadow_vertical__hover_enabled=&#8220;on|hover&#8220; background_layout__hover=&#8220;dark&#8220; background_layout__hover_enabled=&#8220;on|hover&#8220; background__hover_enabled=&#8220;on|desktop&#8220; image__hover_enabled=&#8220;on|hover&#8220; image__hover=&#8220;https:\/\/xn--gstehaus-am-klinikum-bzb.de\/wp-content\/uploads\/2023\/03\/home-organizer-icon-9.png&#8220;]<\/p>\n<p>Einzelnutzung oder Aufbettung m\u00f6glich; Zustellbett Kind<\/p>\n<p>[\/et_pb_blurb][\/et_pb_column][et_pb_column type=&#8220;1_3&#8243; _builder_version=&#8220;4.23.1&#8243; link_option_url=&#8220;#&#8220; border_width_right=&#8220;1px&#8220; border_color_right=&#8220;rgba(51,51,51,0.1)&#8220; border_width_right_tablet=&#8220;0px&#8220; border_width_right_phone=&#8220;&#8220; border_width_right_last_edited=&#8220;on|tablet&#8220; global_colors_info=&#8220;{}&#8220; background_enable_color__hover=&#8220;on&#8220; background__hover_enabled=&#8220;on|hover&#8220; background_color__hover=&#8220;rgba(133,145,149,0)&#8220;][et_pb_blurb title=&#8220;BAUHAUS-BAD&#8220; image=&#8220;https:\/\/xn--gstehaus-am-klinikum-bzb.de\/wp-content\/uploads\/2023\/03\/Home-Organizer-1.png&#8220; icon_alignment=&#8220;left&#8220; _builder_version=&#8220;4.21.0&#8243; header_font=&#8220;Unna|700|||||||&#8220; header_font_size=&#8220;30px&#8220; header_line_height=&#8220;1.2em&#8220; body_line_height=&#8220;1.8em&#8220; background_color=&#8220;rgba(0,0,0,0)&#8220; custom_padding=&#8220;45px|30px|45px|30px|true|true&#8220; custom_padding_tablet=&#8220;40px||40px||true|true&#8220; custom_padding_phone=&#8220;30px|20px|30px|20px|true|true&#8220; custom_padding_last_edited=&#8220;on|phone&#8220; animation=&#8220;off&#8220; box_shadow_style=&#8220;preset4&#8243; box_shadow_horizontal=&#8220;0px&#8220; box_shadow_vertical=&#8220;0px&#8220; box_shadow_color=&#8220;#104657&#8243; global_colors_info=&#8220;{}&#8220; background__hover_enabled=&#8220;on|desktop&#8220; background_color__hover=&#8220;#104657&#8243; background_enable_color__hover=&#8220;on&#8220; image__hover_enabled=&#8220;on|hover&#8220; image__hover=&#8220;https:\/\/xn--gstehaus-am-klinikum-bzb.de\/wp-content\/uploads\/2023\/03\/home-organizer-icon-1.png&#8220; background_layout__hover_enabled=&#8220;on|hover&#8220; background_layout__hover=&#8220;dark&#8220; box_shadow_vertical__hover_enabled=&#8220;on|hover&#8220; box_shadow_vertical__hover=&#8220;20px&#8220; box_shadow_color__hover_enabled=&#8220;off|desktop&#8220; box_shadow_color__hover=&#8220;#104657&#8243;]<\/p>\n<p>Dusche\/WC bzw. Wanne\/WC, Haartrockner<\/p>\n<p>[\/et_pb_blurb][\/et_pb_column][et_pb_column type=&#8220;1_3&#8243; _builder_version=&#8220;4.23.1&#8243; link_option_url=&#8220;#&#8220; border_width_right=&#8220;1px&#8220; border_color_right=&#8220;rgba(51,51,51,0.1)&#8220; border_width_right_tablet=&#8220;0px&#8220; border_width_right_phone=&#8220;&#8220; border_width_right_last_edited=&#8220;on|tablet&#8220; global_colors_info=&#8220;{}&#8220; background_enable_color__hover=&#8220;on&#8220; background__hover_enabled=&#8220;on|hover&#8220; background_color__hover=&#8220;rgba(133,145,149,0)&#8220;][et_pb_blurb title=&#8220;INTERIEUR&#8220; image=&#8220;https:\/\/xn--gstehaus-am-klinikum-bzb.de\/wp-content\/uploads\/2023\/03\/Home-Organizer-5.png&#8220; icon_alignment=&#8220;left&#8220; _builder_version=&#8220;4.23.1&#8243; header_font=&#8220;Unna|700|||||||&#8220; header_font_size=&#8220;30px&#8220; header_line_height=&#8220;1.2em&#8220; body_line_height=&#8220;1.8em&#8220; background_color=&#8220;rgba(0,0,0,0)&#8220; custom_padding=&#8220;45px|30px|45px|30px|true|true&#8220; custom_padding_tablet=&#8220;40px||40px||true|true&#8220; custom_padding_phone=&#8220;30px|20px|30px|20px|true|true&#8220; custom_padding_last_edited=&#8220;on|phone&#8220; animation=&#8220;off&#8220; box_shadow_style=&#8220;preset4&#8243; box_shadow_horizontal=&#8220;0px&#8220; box_shadow_vertical=&#8220;0px&#8220; box_shadow_color=&#8220;#104657&#8243; locked=&#8220;off&#8220; global_colors_info=&#8220;{}&#8220; background_color__hover=&#8220;#104657&#8243; box_shadow_vertical__hover=&#8220;20px&#8220; box_shadow_vertical__hover_enabled=&#8220;on|hover&#8220; background_enable_color__hover=&#8220;on&#8220; background_layout__hover=&#8220;dark&#8220; background_layout__hover_enabled=&#8220;on|hover&#8220; image__hover_enabled=&#8220;on|hover&#8220; image__hover=&#8220;https:\/\/xn--gstehaus-am-klinikum-bzb.de\/wp-content\/uploads\/2023\/03\/home-organizer-icon-5.png&#8220; box_shadow_color__hover=&#8220;#104657&#8243; box_shadow_color__hover_enabled=&#8220;on|hover&#8220; background__hover_enabled=&#8220;on|desktop&#8220;]<\/p>\n<p>TV, Telefon, Internet, Zimmersafe<\/p>\n<p>[\/et_pb_blurb][\/et_pb_column][\/et_pb_row][\/et_pb_section]<\/p>\n","protected":false},"excerpt":{"rendered":"<p>ZIMMERDas G\u00e4stehaus am Klinikum in Halle an der Saale liegt 1,6 km von der Burg Giebichenstein entfernt und bietet einen Garten, Nichtraucherzimmer, kostenfreies WLAN in allen Bereichen und eine Terrasse. Diese Unterkunft bietet Familienzimmer und einen Grill. An der Unterkunft stehen Ihnen Privatparkpl\u00e4tze zur Verf\u00fcgung. Die Zimmer in der Pension sind mit einem Schreibtisch, einem [&hellip;]<\/p>\n","protected":false},"author":1,"featured_media":0,"parent":0,"menu_order":0,"comment_status":"closed","ping_status":"closed","template":"","meta":{"_et_pb_use_builder":"on","_et_pb_old_content":"","_et_gb_content_width":"","footnotes":""},"class_list":["post-119","page","type-page","status-publish","hentry"],"_links":{"self":[{"href":"https:\/\/xn--gstehaus-am-klinikum-bzb.de\/en\/wp-json\/wp\/v2\/pages\/119","targetHints":{"allow":["GET"]}}],"collection":[{"href":"https:\/\/xn--gstehaus-am-klinikum-bzb.de\/en\/wp-json\/wp\/v2\/pages"}],"about":[{"href":"https:\/\/xn--gstehaus-am-klinikum-bzb.de\/en\/wp-json\/wp\/v2\/types\/page"}],"author":[{"embeddable":true,"href":"https:\/\/xn--gstehaus-am-klinikum-bzb.de\/en\/wp-json\/wp\/v2\/users\/1"}],"replies":[{"embeddable":true,"href":"https:\/\/xn--gstehaus-am-klinikum-bzb.de\/en\/wp-json\/wp\/v2\/comments?post=119"}],"version-history":[{"count":28,"href":"https:\/\/xn--gstehaus-am-klinikum-bzb.de\/en\/wp-json\/wp\/v2\/pages\/119\/revisions"}],"predecessor-version":[{"id":359,"href":"https:\/\/xn--gstehaus-am-klinikum-bzb.de\/en\/wp-json\/wp\/v2\/pages\/119\/revisions\/359"}],"wp:attachment":[{"href":"https:\/\/xn--gstehaus-am-klinikum-bzb.de\/en\/wp-json\/wp\/v2\/media?parent=119"}],"curies":[{"name":"wp","href":"https:\/\/api.w.org\/{rel}","templated":true}]}}