{"id":71,"date":"2023-03-30T13:03:10","date_gmt":"2023-03-30T13:03:10","guid":{"rendered":"https:\/\/xn--gstehaus-am-klinikum-bzb.de\/?page_id=71"},"modified":"2023-11-17T13:02:24","modified_gmt":"2023-11-17T13:02:24","slug":"gaestehaus","status":"publish","type":"page","link":"https:\/\/xn--gstehaus-am-klinikum-bzb.de\/en\/gaestehaus\/","title":{"rendered":"GUEST HOUSE"},"content":{"rendered":"<p>[et_pb_section fb_built=&#8220;1&#8243; custom_padding_last_edited=&#8220;on|tablet&#8220; admin_label=&#8220;Header&#8220; _builder_version=&#8220;4.16&#8243; custom_padding=&#8220;||6px|||&#8220; custom_padding_tablet=&#8220;0px||||false|false&#8220; custom_padding_phone=&#8220;&#8220; global_colors_info=&#8220;{}&#8220;][et_pb_row column_structure=&#8220;3_5,2_5&#8243; custom_padding_last_edited=&#8220;on|phone&#8220; _builder_version=&#8220;4.16&#8243; background_color=&#8220;#eaf2f0&#8243; width_tablet=&#8220;100%&#8220; width_phone=&#8220;&#8220; width_last_edited=&#8220;on|tablet&#8220; custom_padding=&#8220;80px||80px|80px|true|false&#8220; custom_padding_tablet=&#8220;40px|40px|40px|40px|true|true&#8220; custom_padding_phone=&#8220;||||false&#8220; box_shadow_style=&#8220;preset4&#8243; box_shadow_horizontal=&#8220;30vw&#8220; box_shadow_vertical=&#8220;0px&#8220; box_shadow_color=&#8220;#eaf2f0&#8243; global_colors_info=&#8220;{}&#8220;][et_pb_column type=&#8220;3_5&#8243; _builder_version=&#8220;4.16&#8243; global_colors_info=&#8220;{}&#8220;][et_pb_text _builder_version=&#8220;4.23.1&#8243; text_font_size=&#8220;18px&#8220; text_line_height=&#8220;2em&#8220; header_font=&#8220;Unna||||||||&#8220; header_font_size=&#8220;96px&#8220; hover_enabled=&#8220;0&#8243; text_font_size_tablet=&#8220;16px&#8220; text_font_size_phone=&#8220;15px&#8220; text_font_size_last_edited=&#8220;on|phone&#8220; header_font_tablet=&#8220;&#8220; header_font_phone=&#8220;&#8220; header_font_last_edited=&#8220;on|phone&#8220; header_font_size_tablet=&#8220;60px&#8220; header_font_size_phone=&#8220;42px&#8220; header_font_size_last_edited=&#8220;on|tablet&#8220; global_colors_info=&#8220;{}&#8220; sticky_enabled=&#8220;0&#8243;]<\/p>\n<h1>Gelebte Architektur<\/h1>\n<p><span style=\"color: #000000;\">Das 1930 erbaute, denkmalgesch\u00fctzte Bauhaus mit seiner angrenzenden gr\u00fcnen Oase befindet sich direkt gegen\u00fcber dem Klinikum Kr\u00f6llwitz und besitzt eine sehr gute Anbindung zu \u00f6ffentlichen Verkehrsmitteln.<\/span><\/p>\n<ul>\n<li><span style=\"color: #000000;\">Stra\u00dfenbahn, Bus und Taxi ca. 200 m<\/span><\/li>\n<li><span style=\"color: #000000;\">Stadtzentrum Halle ca. 3 km<\/span><\/li>\n<li><span style=\"color: #000000;\">D\u00f6lauer Heide \/ Heidesee ca. 800 m<\/span><\/li>\n<li><span style=\"color: #000000;\">Technologiepark Weinberg Campus ca. 500 m<\/span><\/li>\n<li><span style=\"color: #000000;\">Kunstmuseum Moritzburg 2,8 km<\/span><span style=\"color: #000000;\"><\/span><\/li>\n<\/ul>\n<p><span style=\"color: #000000;\"><br \/><\/span><span style=\"color: #63986f;\"><\/span><\/p>\n<p>[\/et_pb_text][\/et_pb_column][et_pb_column type=&#8220;2_5&#8243; _builder_version=&#8220;4.16&#8243; global_colors_info=&#8220;{}&#8220;][et_pb_image src=&#8220;https:\/\/xn--gstehaus-am-klinikum-bzb.de\/wp-content\/uploads\/2023\/03\/b_DSC0536-2.jpg&#8220; title_text=&#8220;b_DSC0536-2&#8243; _builder_version=&#8220;4.20.4&#8243; max_height=&#8220;380px&#8220; custom_margin=&#8220;|-5vw|||false|false&#8220; custom_margin_tablet=&#8220;|0vw|||false|false&#8220; custom_margin_phone=&#8220;||||false|false&#8220; custom_margin_last_edited=&#8220;on|tablet&#8220; scroll_vertical_motion_enable=&#8220;on&#8220; scroll_vertical_motion=&#8220;0|70|70|100|-1|0|1&#8243; border_width_all=&#8220;50px&#8220; border_color_all=&#8220;#ffffff&#8220; border_width_all_tablet=&#8220;40px&#8220; border_width_all_phone=&#8220;20px&#8220; border_width_all_last_edited=&#8220;on|phone&#8220; box_shadow_style=&#8220;preset3&#8243; box_shadow_vertical=&#8220;25px&#8220; box_shadow_blur=&#8220;85px&#8220; box_shadow_spread=&#8220;-25px&#8220; box_shadow_color=&#8220;rgba(0,0,0,0.25)&#8220; locked=&#8220;off&#8220; global_colors_info=&#8220;{}&#8220;][\/et_pb_image][\/et_pb_column][\/et_pb_row][et_pb_row _builder_version=&#8220;4.21.0&#8243; _module_preset=&#8220;default&#8220; min_height=&#8220;138.6px&#8220; custom_padding=&#8220;53px|||||&#8220; global_colors_info=&#8220;{}&#8220;][et_pb_column type=&#8220;4_4&#8243; _builder_version=&#8220;4.21.0&#8243; _module_preset=&#8220;default&#8220; global_colors_info=&#8220;{}&#8220;][et_pb_text _builder_version=&#8220;4.21.0&#8243; _module_preset=&#8220;default&#8220; global_colors_info=&#8220;{}&#8220;]<\/p>\n<h2>Veranstaltsort &#8211; Unser G\u00e4stehaus hei\u00dft Sie willkommen!<\/h2>\n<p>Seit Beginn an stehen wir gr\u00f6\u00dferen Gruppen und Vereinen als Veranstaltungsort zur Verf\u00fcgung. Gesch\u00e4ftlich oder privat, wir unterst\u00fctzen Sie gern mit den M\u00f6glichkeiten unseres G\u00e4stehauses.<\/p>\n<p>[\/et_pb_text][\/et_pb_column][\/et_pb_row][et_pb_row column_structure=&#8220;1_4,1_4,1_2&#8243; _builder_version=&#8220;4.21.0&#8243; _module_preset=&#8220;default&#8220; global_colors_info=&#8220;{}&#8220;][et_pb_column type=&#8220;1_4&#8243; _builder_version=&#8220;4.21.0&#8243; _module_preset=&#8220;default&#8220; global_colors_info=&#8220;{}&#8220;][et_pb_blurb title=&#8220;Veranstaltungen&#8220; image=&#8220;https:\/\/xn--gstehaus-am-klinikum-bzb.de\/wp-content\/uploads\/2023\/07\/b_DSC0704-2.png&#8220; _builder_version=&#8220;4.21.0&#8243; _module_preset=&#8220;default&#8220; global_colors_info=&#8220;{}&#8220;]<\/p>\n<p>Es ist m\u00f6glich f\u00fcr gr\u00f6\u00dfere Veranstaltungen unser G\u00e4stehaus komplett anzumieten.<br \/>Bitte sprechen Sie uns direkt an und wir stehen Ihnen bei der Planung gern zur Seite.<\/p>\n<p>[\/et_pb_blurb][et_pb_button button_url=&#8220;@ET-DC@eyJkeW5hbWljIjp0cnVlLCJjb250ZW50IjoicG9zdF9saW5rX3VybF9wYWdlIiwic2V0dGluZ3MiOnsicG9zdF9pZCI6Ijg0In19@&#8220; button_text=&#8220;ZUR BUCHUNG&#8220; _builder_version=&#8220;4.21.0&#8243; _dynamic_attributes=&#8220;button_url&#8220; _module_preset=&#8220;default&#8220; global_colors_info=&#8220;{}&#8220;][\/et_pb_button][\/et_pb_column][et_pb_column type=&#8220;1_4&#8243; _builder_version=&#8220;4.21.0&#8243; _module_preset=&#8220;default&#8220; global_colors_info=&#8220;{}&#8220;][et_pb_counters _builder_version=&#8220;4.21.0&#8243; _module_preset=&#8220;default&#8220; hover_enabled=&#8220;0&#8243; global_colors_info=&#8220;{}&#8220; sticky_enabled=&#8220;0&#8243;][et_pb_counter percent=&#8220;71&#8243; _builder_version=&#8220;4.21.0&#8243; _module_preset=&#8220;default&#8220; global_colors_info=&#8220;{}&#8220; bar_background_color_default=&#8220;#63986f&#8220; use_percentages=&#8220;on&#8220;]Workshops[\/et_pb_counter][et_pb_counter percent=&#8220;67&#8243; _builder_version=&#8220;4.21.0&#8243; _module_preset=&#8220;default&#8220; global_colors_info=&#8220;{}&#8220; bar_background_color_default=&#8220;#63986f&#8220; use_percentages=&#8220;on&#8220;]Hochzeiten[\/et_pb_counter][et_pb_counter percent=&#8220;44&#8243; _builder_version=&#8220;4.21.0&#8243; _module_preset=&#8220;default&#8220; global_colors_info=&#8220;{}&#8220; bar_background_color_default=&#8220;#63986f&#8220; use_percentages=&#8220;on&#8220;]2-Tages-Meeting[\/et_pb_counter][et_pb_counter percent=&#8220;32&#8243; _builder_version=&#8220;4.21.0&#8243; _module_preset=&#8220;default&#8220; global_colors_info=&#8220;{}&#8220; bar_background_color_default=&#8220;#63986f&#8220; use_percentages=&#8220;on&#8220;]Fachtagungen[\/et_pb_counter][et_pb_counter percent=&#8220;70&#8243; _builder_version=&#8220;4.21.0&#8243; _module_preset=&#8220;default&#8220; global_colors_info=&#8220;{}&#8220; bar_background_color_default=&#8220;#63986f&#8220; use_percentages=&#8220;on&#8220;]Jugendweihe \/ Lebenswende[\/et_pb_counter][et_pb_counter percent=&#8220;23&#8243; _builder_version=&#8220;4.21.0&#8243; _module_preset=&#8220;default&#8220; global_colors_info=&#8220;{}&#8220; bar_background_color_default=&#8220;#63986f&#8220; use_percentages=&#8220;on&#8220;]Taufen[\/et_pb_counter][et_pb_counter percent=&#8220;42&#8243; _builder_version=&#8220;4.21.0&#8243; _module_preset=&#8220;default&#8220; global_colors_info=&#8220;{}&#8220; bar_background_color_default=&#8220;#63986f&#8220; use_percentages=&#8220;on&#8220;]Beerdigungen[\/et_pb_counter][\/et_pb_counters][et_pb_text _builder_version=&#8220;4.23.1&#8243; _module_preset=&#8220;default&#8220; hover_enabled=&#8220;0&#8243; sticky_enabled=&#8220;0&#8243;]<\/p>\n<p>Veranstaltungen aller Art bis maximal 160 Personen.<\/p>\n<p>[\/et_pb_text][\/et_pb_column][et_pb_column type=&#8220;1_2&#8243; _builder_version=&#8220;4.21.0&#8243; _module_preset=&#8220;default&#8220; global_colors_info=&#8220;{}&#8220;][et_pb_testimonial author=&#8220;Robert &#038; Mia, Dessau&#8220; portrait_url=&#8220;https:\/\/xn--gstehaus-am-klinikum-bzb.de\/wp-content\/uploads\/2023\/07\/b_DSC03163-2.jpg&#8220; _builder_version=&#8220;4.23.1&#8243; _module_preset=&#8220;default&#8220; hover_enabled=&#8220;0&#8243; global_colors_info=&#8220;{}&#8220; position_font_size=&#8220;1px&#8220; position_line_height=&#8220;1em&#8220; sticky_enabled=&#8220;0&#8243;]<\/p>\n<p>Unser Aufenthalt im G\u00e4stehaus am Klinikum wird f\u00fcr uns und all unsere G\u00e4ste positiv in Erinnerung bleiben. Diese besondere Location hat unserer Hochzeitsfeier einen ganz spezielles Flair verliehen.<\/p>\n<p>[\/et_pb_testimonial][et_pb_testimonial author=&#8220;Steuerb\u00fcro Zeisig, Halle (Saale)&#8220; portrait_url=&#8220;https:\/\/xn--gstehaus-am-klinikum-bzb.de\/wp-content\/uploads\/2023\/07\/Bildschirmfoto-2014-01-19-um-10.11.46.png&#8220; _builder_version=&#8220;4.23.1&#8243; _module_preset=&#8220;default&#8220; hover_enabled=&#8220;0&#8243; global_colors_info=&#8220;{}&#8220; sticky_enabled=&#8220;0&#8243;]<\/p>\n<p>Seit Jahren ein sehr angenehmer und passender Ort f\u00fcr unsere betrieblichen Veranstaltungen und Events.<\/p>\n<p>[\/et_pb_testimonial][\/et_pb_column][\/et_pb_row][\/et_pb_section][et_pb_section fb_built=&#8220;1&#8243; admin_label=&#8220;About&#8220; _builder_version=&#8220;4.16&#8243; global_colors_info=&#8220;{}&#8220;][et_pb_row column_structure=&#8220;1_2,1_2&#8243; _builder_version=&#8220;4.20.2&#8243; global_colors_info=&#8220;{}&#8220;][et_pb_column type=&#8220;1_2&#8243; _builder_version=&#8220;4.16&#8243; global_colors_info=&#8220;{}&#8220;][et_pb_text _builder_version=&#8220;4.20.2&#8243; text_font_size=&#8220;16px&#8220; text_line_height=&#8220;1.8em&#8220; header_2_font=&#8220;Unna||||||||&#8220; header_2_font_size=&#8220;72px&#8220; max_width=&#8220;600px&#8220; header_2_font_size_tablet=&#8220;48px&#8220; header_2_font_size_phone=&#8220;32px&#8220; header_2_font_size_last_edited=&#8220;on|phone&#8220; global_colors_info=&#8220;{}&#8220;]<\/p>\n<h2>Einfach ungew\u00f6hnlich<\/h2>\n<p>[\/et_pb_text][et_pb_image src=&#8220;https:\/\/xn--gstehaus-am-klinikum-bzb.de\/wp-content\/uploads\/2023\/03\/b_DSC0576.jpg&#8220; title_text=&#8220;b_DSC0576&#8243; _builder_version=&#8220;4.20.4&#8243; _module_preset=&#8220;default&#8220; global_colors_info=&#8220;{}&#8220;][\/et_pb_image][et_pb_image src=&#8220;https:\/\/xn--gstehaus-am-klinikum-bzb.de\/wp-content\/uploads\/2023\/03\/b_DSC0493.jpg&#8220; title_text=&#8220;b_DSC0493&#8243; _builder_version=&#8220;4.21.0&#8243; _module_preset=&#8220;default&#8220; global_colors_info=&#8220;{}&#8220;][\/et_pb_image][\/et_pb_column][et_pb_column type=&#8220;1_2&#8243; _builder_version=&#8220;4.16&#8243; global_colors_info=&#8220;{}&#8220;][et_pb_text _builder_version=&#8220;4.23.1&#8243; text_font_size=&#8220;15px&#8220; text_line_height=&#8220;2em&#8220; locked=&#8220;off&#8220; global_colors_info=&#8220;{}&#8220;]<\/p>\n<h3>Historische Stationen unseres G\u00e4stehauses<\/h3>\n<p>Ende der 20er Jahre kauften Bruno &amp; Adelheid P\u00e1ris das Grundst\u00fcck in der damaligen Saarlandstra\u00dfe. Im Oktober 1930 konnten sie das 1929 vom Architekten Wilhelm Facilides geplante Wohnhaus beziehen.<\/p>\n<p>Im Fr\u00fchjahr 1945 wurde im Haus P\u00e1ris eine Einkehr f\u00fcr Offiziere der amerikanischen Besatzungstruppen, im August 1945 bezogen Offiziere der Roten Armee das Haus und nutzten es als Kommandanturbereich.<\/p>\n<p>Ab 1950 wurden die R\u00e4umlichkeiten als B\u00fcros der VVB Lederwaren genutzt. Ab 1955 zog die Entbindungsklinik \u201eAdelheitsruh\u201c in das Geb\u00e4ude ein. Das Speisezimmer im Erdgeschoss war ehemals der Krei\u00dfsaal dieser Klinik.<\/p>\n<p>Der Chefarzt der Klinik f\u00fcr Innere Medizin am Bezirkskrankenhaus Halle-D\u00f6lau, Dr. med. Hans-Walter Crodel, er\u00f6ffnete 1978 hier im Hause eine Klinik f\u00fcr Psychotherapie. Diese Klinik wurde bis zum Jahr 1990 fortgef\u00fchrt.<\/p>\n<p>W\u00e4hrend der Zeit des Leerstandes von 1990 bis 1996 verfiel das ungesch\u00fctzte Bauhaus-Denkmal zunehmend von Jahr zu Jahr. Nach vielen Verhandlungen zwischen dem Amt f\u00fcr Wirtschaftsf\u00f6rderung Halle mit der Deutschen Apotheker- und \u00c4rztebank erfolgte der Kauf durch die Familie Gisela und Dr. J\u00fcrgen Metzner am 19.12. 1996.<\/p>\n<p>Zwischen 1997-1999 fand die komplette Sanierung und Restaurierung des Geb\u00e4udes durch das\u00a0 Architekturb\u00fcro Brambach aus Halle (Saale) statt. Ab dem Jahr 2000 bis 2018 war es dann der Hauptsitz der GALMED GmbH, Klinik f\u00fcr Humanpharmakologie.<\/p>\n<p>Zwischen 2014 und 2021 trug unser Haus die Bezeichnung \u201aPension am Klinikum &#8211; Haus Paris\u2018 und ab 2021 nennen wir uns \u201eG\u00e4stehaus am Klinikum\u201c.<\/p>\n<p>[\/et_pb_text][\/et_pb_column][\/et_pb_row][\/et_pb_section]<\/p>\n","protected":false},"excerpt":{"rendered":"<p>Gelebte Architektur Das 1930 erbaute, denkmalgesch\u00fctzte Bauhaus mit seiner angrenzenden gr\u00fcnen Oase befindet sich direkt gegen\u00fcber dem Klinikum Kr\u00f6llwitz und besitzt eine sehr gute Anbindung zu \u00f6ffentlichen Verkehrsmitteln. Stra\u00dfenbahn, Bus und Taxi ca. 200 m Stadtzentrum Halle ca. 3 km D\u00f6lauer Heide \/ Heidesee ca. 800 m Technologiepark Weinberg Campus ca. 500 m Kunstmuseum Moritzburg [&hellip;]<\/p>\n","protected":false},"author":1,"featured_media":0,"parent":0,"menu_order":0,"comment_status":"closed","ping_status":"closed","template":"","meta":{"_et_pb_use_builder":"on","_et_pb_old_content":"","_et_gb_content_width":"","footnotes":""},"class_list":["post-71","page","type-page","status-publish","hentry"],"_links":{"self":[{"href":"https:\/\/xn--gstehaus-am-klinikum-bzb.de\/en\/wp-json\/wp\/v2\/pages\/71","targetHints":{"allow":["GET"]}}],"collection":[{"href":"https:\/\/xn--gstehaus-am-klinikum-bzb.de\/en\/wp-json\/wp\/v2\/pages"}],"about":[{"href":"https:\/\/xn--gstehaus-am-klinikum-bzb.de\/en\/wp-json\/wp\/v2\/types\/page"}],"author":[{"embeddable":true,"href":"https:\/\/xn--gstehaus-am-klinikum-bzb.de\/en\/wp-json\/wp\/v2\/users\/1"}],"replies":[{"embeddable":true,"href":"https:\/\/xn--gstehaus-am-klinikum-bzb.de\/en\/wp-json\/wp\/v2\/comments?post=71"}],"version-history":[{"count":12,"href":"https:\/\/xn--gstehaus-am-klinikum-bzb.de\/en\/wp-json\/wp\/v2\/pages\/71\/revisions"}],"predecessor-version":[{"id":299,"href":"https:\/\/xn--gstehaus-am-klinikum-bzb.de\/en\/wp-json\/wp\/v2\/pages\/71\/revisions\/299"}],"wp:attachment":[{"href":"https:\/\/xn--gstehaus-am-klinikum-bzb.de\/en\/wp-json\/wp\/v2\/media?parent=71"}],"curies":[{"name":"wp","href":"https:\/\/api.w.org\/{rel}","templated":true}]}}