{"id":84,"date":"2023-03-30T13:30:00","date_gmt":"2023-03-30T13:30:00","guid":{"rendered":"https:\/\/xn--gstehaus-am-klinikum-bzb.de\/?page_id=84"},"modified":"2024-12-30T12:55:11","modified_gmt":"2024-12-30T12:55:11","slug":"buchung","status":"publish","type":"page","link":"https:\/\/xn--gstehaus-am-klinikum-bzb.de\/en\/buchung\/","title":{"rendered":"BOOKING"},"content":{"rendered":"<p>[et_pb_section fb_built=&#8220;1&#8243; specialty=&#8220;on&#8220; padding_top_1=&#8220;16vw&#8220; padding_top_bottom_link_1=&#8220;false&#8220; padding_left_right_link_1=&#8220;false&#8220; padding_1_tablet=&#8220;16vw|10%||10%|false|true&#8220; padding_1_phone=&#8220;&#8220; padding_1_last_edited=&#8220;on|tablet&#8220; admin_label=&#8220;Header&#8220; _builder_version=&#8220;4.20.2&#8243; background_color=&#8220;#d0dccf&#8220; inner_width=&#8220;90%&#8220; inner_width_tablet=&#8220;100%&#8220; inner_width_phone=&#8220;&#8220; inner_width_last_edited=&#8220;on|tablet&#8220; inner_max_width=&#8220;none&#8220; inner_module_alignment=&#8220;right&#8220; custom_padding=&#8220;0px||0px||true|false&#8220; locked=&#8220;off&#8220; global_colors_info=&#8220;{}&#8220;][et_pb_column type=&#8220;1_2&#8243; _builder_version=&#8220;4.16&#8243; custom_padding=&#8220;|||&#8220; global_colors_info=&#8220;{}&#8220; custom_padding__hover=&#8220;|||&#8220;][et_pb_text _builder_version=&#8220;4.20.2&#8243; header_font=&#8220;Unna||||||||&#8220; header_font_size=&#8220;8vw&#8220; header_2_font=&#8220;Unna|700|||||||&#8220; header_2_text_color=&#8220;#104657&#8243; header_2_font_size=&#8220;36px&#8220; background_layout=&#8220;dark&#8220; header_font_tablet=&#8220;&#8220; header_font_phone=&#8220;&#8220; header_font_last_edited=&#8220;on|phone&#8220; header_font_size_tablet=&#8220;60px&#8220; header_font_size_phone=&#8220;42px&#8220; header_font_size_last_edited=&#8220;on|tablet&#8220; header_2_font_size_tablet=&#8220;&#8220; header_2_font_size_phone=&#8220;24px&#8220; header_2_font_size_last_edited=&#8220;on|phone&#8220; locked=&#8220;off&#8220; global_colors_info=&#8220;{}&#8220;]<\/p>\n<h2><span style=\"color: #63986F;\">Anfragen und Buchungen<\/span><\/h2>\n<h1><span style=\"color: #000000;\">G\u00c4STE<\/span><br \/>\n<span style=\"color: #000000;\">HAUS<\/span><\/h1>\n<p>[\/et_pb_text][et_pb_button url_new_window=&#8220;on&#8220; button_text=&#8220;BOOKING.COM&#8220; _builder_version=&#8220;4.20.2&#8243; custom_button=&#8220;on&#8220; button_text_size=&#8220;14px&#8220; button_text_color=&#8220;#ffffff&#8220; button_bg_color=&#8220;#63986f&#8220; button_border_color=&#8220;rgba(0,0,0,0)&#8220; button_border_radius=&#8220;0px&#8220; button_letter_spacing=&#8220;4px&#8220; button_font=&#8220;|700||on|||||&#8220; button_icon=&#8220;&#x24;||divi||400&#8243; background_layout=&#8220;dark&#8220; custom_padding=&#8220;15px|40px|15px|40px|true|true&#8220; locked=&#8220;off&#8220; global_colors_info=&#8220;{}&#8220;][\/et_pb_button][\/et_pb_column][et_pb_column type=&#8220;1_2&#8243; specialty_columns=&#8220;2&#8243; _builder_version=&#8220;4.16&#8243; custom_padding=&#8220;|||&#8220; global_colors_info=&#8220;{}&#8220; custom_padding__hover=&#8220;|||&#8220;][et_pb_row_inner column_structure=&#8220;1_2,1_2&#8243; use_custom_gutter=&#8220;on&#8220; gutter_width=&#8220;1&#8243; make_equal=&#8220;on&#8220; _builder_version=&#8220;4.16&#8243; background_enable_image=&#8220;off&#8220; custom_padding=&#8220;0px||0px||true|&#8220; global_colors_info=&#8220;{}&#8220;][et_pb_column_inner type=&#8220;1_2&#8243; saved_specialty_column_type=&#8220;1_2&#8243; _builder_version=&#8220;4.16&#8243; background_enable_image=&#8220;off&#8220; parallax=&#8220;on&#8220; custom_padding=&#8220;||||false|false&#8220; background_color_tablet=&#8220;#104657&#8243; background_last_edited=&#8220;on|tablet&#8220; background_enable_color_tablet=&#8220;on&#8220; global_colors_info=&#8220;{}&#8220;][et_pb_text _builder_version=&#8220;4.21.0&#8243; text_font=&#8220;||||||||&#8220; text_font_size=&#8220;16px&#8220; text_line_height=&#8220;2em&#8220; background_color=&#8220;#63986f&#8220; positioning=&#8220;absolute&#8220; position_origin_a=&#8220;bottom_left&#8220; position_origin_a_tablet=&#8220;&#8220; position_origin_a_phone=&#8220;&#8220; position_origin_a_last_edited=&#8220;on|phone&#8220; position_origin_f_tablet=&#8220;&#8220; position_origin_f_phone=&#8220;&#8220; position_origin_f_last_edited=&#8220;on|phone&#8220; position_origin_r_tablet=&#8220;&#8220; position_origin_r_phone=&#8220;&#8220; position_origin_r_last_edited=&#8220;on|phone&#8220; background_layout=&#8220;dark&#8220; width=&#8220;100%&#8220; min_height=&#8220;555px&#8220; min_height_tablet=&#8220;&#8220; min_height_phone=&#8220;&#8220; min_height_last_edited=&#8220;on|tablet&#8220; custom_margin=&#8220;||||false|false&#8220; custom_padding=&#8220;7vw|40px|7vw|40px|true|true&#8220; custom_padding_tablet=&#8220;&#8220; custom_padding_phone=&#8220;|20px||20px|true|true&#8220; custom_padding_last_edited=&#8220;on|phone&#8220; positioning_tablet=&#8220;relative&#8220; positioning_phone=&#8220;&#8220; positioning_last_edited=&#8220;on|tablet&#8220; text_text_align=&#8220;left&#8220; locked=&#8220;off&#8220; global_colors_info=&#8220;{}&#8220;]<\/p>\n<p><strong>Wir freuen uns auf Ihren Besuch!<\/strong><\/p>\n<p>In unmittelbarer Nachbarschaft zum Universit\u00e4tsklinikum Kr\u00f6llwitz der Martin-Luther-Universit\u00e4t Halle-Wittenberg, des Technologieparks Weinberg Campus (mit den Technologie- und Gr\u00fcnderzentren und dem Bio-Zentrum Halle) sowie der Fachbereiche Pharmazie \/ Chemie der Martin-Luther-Universit\u00e4t Halle-Wittenberg befindet sich unser G\u00e4stehaus.<\/p>\n<p>[\/et_pb_text][\/et_pb_column_inner][et_pb_column_inner type=&#8220;1_2&#8243; saved_specialty_column_type=&#8220;1_2&#8243; _builder_version=&#8220;4.16&#8243; background_color=&#8220;#ffffff&#8220; custom_padding=&#8220;||||false|false&#8220; global_colors_info=&#8220;{}&#8220;][et_pb_text _builder_version=&#8220;4.27.4&#8243; text_font_size=&#8220;18px&#8220; text_line_height=&#8220;1.8em&#8220; header_2_font=&#8220;Unna||||||||&#8220; header_2_font_size=&#8220;72px&#8220; background_enable_image=&#8220;off&#8220; custom_padding=&#8220;11vw|30px|50px|30px|false|true&#8220; custom_padding_tablet=&#8220;20vw||||false|true&#8220; custom_padding_phone=&#8220;&#8220; custom_padding_last_edited=&#8220;on|phone&#8220; hover_enabled=&#8220;0&#8243; header_2_font_size_tablet=&#8220;48px&#8220; header_2_font_size_phone=&#8220;32px&#8220; header_2_font_size_last_edited=&#8220;on|phone&#8220; locked=&#8220;off&#8220; global_colors_info=&#8220;{}&#8220; sticky_enabled=&#8220;0&#8243;]<\/p>\n<h2>15% Rabatt<\/h2>\n<p>Bei Buchung \u00fcber unsere Webseite<\/p>\n<p>[\/et_pb_text][et_pb_image src=&#8220;https:\/\/xn--gstehaus-am-klinikum-bzb.de\/wp-content\/uploads\/2023\/03\/b_DSC0445-2.jpg&#8220; title_text=&#8220;b_DSC0445-2&#8243; _builder_version=&#8220;4.20.2&#8243; custom_margin=&#8220;||||false|false&#8220; global_colors_info=&#8220;{}&#8220;][\/et_pb_image][\/et_pb_column_inner][\/et_pb_row_inner][\/et_pb_column][\/et_pb_section][et_pb_section fb_built=&#8220;1&#8243; admin_label=&#8220;Call to Actions&#8220; _builder_version=&#8220;4.16&#8243; background_color=&#8220;#f7f7f7&#8243; locked=&#8220;off&#8220; global_colors_info=&#8220;{}&#8220;][et_pb_row _builder_version=&#8220;4.16&#8243; global_colors_info=&#8220;{}&#8220;][et_pb_column type=&#8220;4_4&#8243; _builder_version=&#8220;4.16&#8243; global_colors_info=&#8220;{}&#8220;][et_pb_text _builder_version=&#8220;4.21.0&#8243; _module_preset=&#8220;default&#8220; global_colors_info=&#8220;{}&#8220;]<\/p>\n<h2>BUCHUNGSANFRAGE<\/h2>\n<p>Sehr geehrte Damen und Herren, Sie k\u00f6nnen \u00fcber diese Formular eine Buchungsanfrage an unser G\u00e4stehaus am Klinikum senden.<br \/>Wir beantworten Ihre Anfrage schnellstm\u00f6glich!<\/p>\n<p>[\/et_pb_text][et_pb_code _builder_version=&#8220;4.21.0&#8243; _module_preset=&#8220;default&#8220; global_colors_info=&#8220;{}&#8220;]<style id=\"wpforms-css-vars-213\">\n\t\t\t\t#wpforms-213 {\n\t\t\t\t--wpforms-container-padding: 0px;\n--wpforms-container-border-width: 1px;\n--wpforms-container-border-radius: 3px;\n--wpforms-background-color: rgba(0, 0, 0, 0);\n--wpforms-field-size-input-height: 43px;\n--wpforms-field-size-input-spacing: 15px;\n--wpforms-field-size-font-size: 16px;\n--wpforms-field-size-line-height: 19px;\n--wpforms-field-size-padding-h: 14px;\n--wpforms-field-size-checkbox-size: 16px;\n--wpforms-field-size-sublabel-spacing: 5px;\n--wpforms-field-size-icon-size: 1;\n--wpforms-label-size-font-size: 16px;\n--wpforms-label-size-line-height: 19px;\n--wpforms-label-size-sublabel-font-size: 14px;\n--wpforms-label-size-sublabel-line-height: 17px;\n--wpforms-button-size-font-size: 17px;\n--wpforms-button-size-height: 41px;\n--wpforms-button-size-padding-h: 15px;\n--wpforms-button-size-margin-top: 10px;\n--wpforms-container-shadow-size-box-shadow: none;\n\t\t\t}\n\t\t\t<\/style><div class=\"wpforms-container wpforms-container-full wpforms-render-modern\" id=\"wpforms-213\"><form id=\"wpforms-form-213\" class=\"wpforms-validate wpforms-form wpforms-ajax-form\" data-formid=\"213\" method=\"post\" enctype=\"multipart\/form-data\" action=\"\/en\/wp-json\/wp\/v2\/pages\/84\" data-token=\"685ed2c5ee5334e8638a5b726ae13e89\" data-token-time=\"1777518009\"><noscript class=\"wpforms-error-noscript\">Please enable JavaScript in your browser to complete this form.<\/noscript><div id=\"wpforms-error-noscript\" style=\"display: none;\">Please enable JavaScript in your browser to complete this form.<\/div><div class=\"wpforms-field-container\"><div id=\"wpforms-213-field_54-container\" class=\"wpforms-field wpforms-field-select wpforms-field-select-style-classic\" data-field-id=\"54\"><label class=\"wpforms-field-label\" for=\"wpforms-213-field_54\">Zimmerkategorie <span class=\"wpforms-required-label\" aria-hidden=\"true\">*<\/span><\/label><select id=\"wpforms-213-field_54\" class=\"wpforms-field-medium wpforms-field-required\" name=\"wpforms[fields][54]\" required=\"required\"><option value=\"Einzelzimmer \/ single room\"  selected='selected' class=\"choice-1 depth-1\"  >Einzelzimmer \/ single room<\/option><option value=\"Doppelzimmer \/ double room\"  class=\"choice-2 depth-1\"  >Doppelzimmer \/ double room<\/option><option value=\"Dreibettzimmer \/ triple room\"  class=\"choice-3 depth-1\"  >Dreibettzimmer \/ triple room<\/option><option value=\"Vierbettzimmer \/ four-bed room\"  class=\"choice-4 depth-1\"  >Vierbettzimmer \/ four-bed room<\/option><\/select><\/div><div id=\"wpforms-213-field_62-container\" class=\"wpforms-field wpforms-field-text\" data-field-id=\"62\"><label class=\"wpforms-field-label\" for=\"wpforms-213-field_62\">Anreisedatum <span class=\"wpforms-required-label\" aria-hidden=\"true\">*<\/span><\/label><input type=\"text\" id=\"wpforms-213-field_62\" class=\"wpforms-field-medium wpforms-field-required\" name=\"wpforms[fields][62]\" aria-errormessage=\"wpforms-213-field_62-error\" aria-describedby=\"wpforms-213-field_62-description\" required><div id=\"wpforms-213-field_62-description\" class=\"wpforms-field-description\">Unsere Zimmer stehen Ihnen ab 14:00 Uhr am Anreisetag zur Verf\u00fcgung.<\/div><\/div><div id=\"wpforms-213-field_63-container\" class=\"wpforms-field wpforms-field-text\" data-field-id=\"63\"><label class=\"wpforms-field-label\" for=\"wpforms-213-field_63\">Abreisedatum <span class=\"wpforms-required-label\" aria-hidden=\"true\">*<\/span><\/label><input type=\"text\" id=\"wpforms-213-field_63\" class=\"wpforms-field-medium wpforms-field-required\" name=\"wpforms[fields][63]\" aria-errormessage=\"wpforms-213-field_63-error\" aria-describedby=\"wpforms-213-field_63-description\" required><div id=\"wpforms-213-field_63-description\" class=\"wpforms-field-description\">Wir bitten Sie am Abreisetag das Zimmer bis 11:00 Uhr zu verlassen.<\/div><\/div><div id=\"wpforms-213-field_64-container\" class=\"wpforms-field wpforms-field-checkbox\" data-field-id=\"64\"><fieldset><legend class=\"wpforms-field-label\">Sonderw\u00fcnsche<\/legend><ul id=\"wpforms-213-field_64\"><li class=\"choice-1 depth-1\"><input type=\"checkbox\" id=\"wpforms-213-field_64_1\" name=\"wpforms[fields][64][]\" value=\"Zustellbett Erwachsener\" aria-errormessage=\"wpforms-213-field_64_1-error\"  ><label class=\"wpforms-field-label-inline\" for=\"wpforms-213-field_64_1\">Zustellbett Erwachsener<\/label><\/li><li class=\"choice-4 depth-1\"><input type=\"checkbox\" id=\"wpforms-213-field_64_4\" name=\"wpforms[fields][64][]\" value=\"Zustellbett Kind (bis 5 Jahre)\" aria-errormessage=\"wpforms-213-field_64_4-error\"  ><label class=\"wpforms-field-label-inline\" for=\"wpforms-213-field_64_4\">Zustellbett Kind (bis 5 Jahre)<\/label><\/li><li class=\"choice-2 depth-1\"><input type=\"checkbox\" id=\"wpforms-213-field_64_2\" name=\"wpforms[fields][64][]\" value=\"Haustier (auf Anfrage)\" aria-errormessage=\"wpforms-213-field_64_2-error\"  ><label class=\"wpforms-field-label-inline\" for=\"wpforms-213-field_64_2\">Haustier (auf Anfrage)<\/label><\/li><li class=\"choice-3 depth-1\"><input type=\"checkbox\" id=\"wpforms-213-field_64_3\" name=\"wpforms[fields][64][]\" value=\"Parkplatz 7,-\u20ac\/\u00dcN\" aria-errormessage=\"wpforms-213-field_64_3-error\"  ><label class=\"wpforms-field-label-inline\" for=\"wpforms-213-field_64_3\">Parkplatz 7,-\u20ac\/\u00dcN<\/label><\/li><\/ul><\/fieldset><\/div><div id=\"wpforms-213-field_1-container\" class=\"wpforms-field wpforms-field-name\" data-field-id=\"1\"><fieldset><legend class=\"wpforms-field-label\">Name <span class=\"wpforms-required-label\" aria-hidden=\"true\">*<\/span><\/legend><div class=\"wpforms-field-row wpforms-field-medium\"><div class=\"wpforms-field-row-block wpforms-first wpforms-one-half\"><input type=\"text\" id=\"wpforms-213-field_1\" class=\"wpforms-field-name-first wpforms-field-required\" name=\"wpforms[fields][1][first]\" aria-errormessage=\"wpforms-213-field_1-error\" required><label for=\"wpforms-213-field_1\" class=\"wpforms-field-sublabel after\">First<\/label><\/div><div class=\"wpforms-field-row-block wpforms-one-half\"><input type=\"text\" id=\"wpforms-213-field_1-last\" class=\"wpforms-field-name-last wpforms-field-required\" name=\"wpforms[fields][1][last]\" aria-errormessage=\"wpforms-213-field_1-last-error\" required><label for=\"wpforms-213-field_1-last\" class=\"wpforms-field-sublabel after\">Last<\/label><\/div><\/div><\/fieldset><\/div><div id=\"wpforms-213-field_2-container\" class=\"wpforms-field wpforms-field-email\" data-field-id=\"2\"><label class=\"wpforms-field-label\" for=\"wpforms-213-field_2\">E-Mail-Adresse <span class=\"wpforms-required-label\" aria-hidden=\"true\">*<\/span><\/label><input type=\"email\" id=\"wpforms-213-field_2\" class=\"wpforms-field-medium wpforms-field-required\" name=\"wpforms[fields][2]\" spellcheck=\"false\" aria-errormessage=\"wpforms-213-field_2-error\" aria-describedby=\"wpforms-213-field_2-description\" required><div id=\"wpforms-213-field_2-description\" class=\"wpforms-field-description\">Ihre E-Mail-Adresse ben\u00f6tigen wir f\u00fcr die Buchungsbest\u00e4tigung bzw. eventuelle R\u00fcckfragen.<\/div><\/div><div id=\"wpforms-213-field_46-container\" class=\"wpforms-field wpforms-field-text\" data-field-id=\"46\"><label class=\"wpforms-field-label\" for=\"wpforms-213-field_46\">R\u00fcckruf <span class=\"wpforms-required-label\" aria-hidden=\"true\">*<\/span><\/label><input type=\"text\" id=\"wpforms-213-field_46\" class=\"wpforms-field-medium wpforms-field-required\" name=\"wpforms[fields][46]\" aria-errormessage=\"wpforms-213-field_46-error\" aria-describedby=\"wpforms-213-field_46-description\" required><div id=\"wpforms-213-field_46-description\" class=\"wpforms-field-description\">Senden Sie uns bitte Ihre Mobilfunknummer f\u00fcr eventuelle R\u00fcckfragen.<\/div><\/div><div id=\"wpforms-213-field_47-container\" class=\"wpforms-field wpforms-field-text\" data-field-id=\"47\"><label class=\"wpforms-field-label\" for=\"wpforms-213-field_47\">Anschrift <span class=\"wpforms-required-label\" aria-hidden=\"true\">*<\/span><\/label><input type=\"text\" id=\"wpforms-213-field_47\" class=\"wpforms-field-small wpforms-field-required\" name=\"wpforms[fields][47]\" placeholder=\"Stra\u00dfe \/ Hausnummer\" aria-errormessage=\"wpforms-213-field_47-error\" required><\/div><div id=\"wpforms-213-field_61-container\" class=\"wpforms-field wpforms-field-text\" data-field-id=\"61\"><label class=\"wpforms-field-label\" for=\"wpforms-213-field_61\">Adresszusatz<\/label><input type=\"text\" id=\"wpforms-213-field_61\" class=\"wpforms-field-small\" name=\"wpforms[fields][61]\" aria-errormessage=\"wpforms-213-field_61-error\" ><\/div><div id=\"wpforms-213-field_49-container\" class=\"wpforms-field wpforms-field-text\" data-field-id=\"49\"><label class=\"wpforms-field-label\" for=\"wpforms-213-field_49\">Stadt <span class=\"wpforms-required-label\" aria-hidden=\"true\">*<\/span><\/label><input type=\"text\" id=\"wpforms-213-field_49\" class=\"wpforms-field-small wpforms-field-required\" name=\"wpforms[fields][49]\" aria-errormessage=\"wpforms-213-field_49-error\" required><\/div><div id=\"wpforms-213-field_51-container\" class=\"wpforms-field wpforms-field-text\" data-field-id=\"51\"><label class=\"wpforms-field-label\" for=\"wpforms-213-field_51\">Postleitzahl <span class=\"wpforms-required-label\" aria-hidden=\"true\">*<\/span><\/label><input type=\"text\" id=\"wpforms-213-field_51\" class=\"wpforms-field-small wpforms-field-required\" name=\"wpforms[fields][51]\" aria-errormessage=\"wpforms-213-field_51-error\" required><\/div><div id=\"wpforms-213-field_52-container\" class=\"wpforms-field wpforms-field-text\" data-field-id=\"52\"><label class=\"wpforms-field-label\" for=\"wpforms-213-field_52\">Land <span class=\"wpforms-required-label\" aria-hidden=\"true\">*<\/span><\/label><input type=\"text\" id=\"wpforms-213-field_52\" class=\"wpforms-field-small wpforms-field-required\" name=\"wpforms[fields][52]\" aria-errormessage=\"wpforms-213-field_52-error\" required><\/div><div id=\"wpforms-213-field_7-container\" class=\"wpforms-field wpforms-field-textarea\" data-field-id=\"7\"><label class=\"wpforms-field-label\" for=\"wpforms-213-field_7\">Spezielle Anmerkungen f\u00fcr uns<\/label><textarea id=\"wpforms-213-field_7\" class=\"wpforms-field-small\" name=\"wpforms[fields][7]\" aria-errormessage=\"wpforms-213-field_7-error\" ><\/textarea><\/div><div id=\"wpforms-213-field_26-container\" class=\"wpforms-field wpforms-field-checkbox\" data-field-id=\"26\"><fieldset><legend class=\"wpforms-field-label\">Best\u00e4tigung  <span class=\"wpforms-required-label\" aria-hidden=\"true\">*<\/span><\/legend><ul id=\"wpforms-213-field_26\" class=\"wpforms-field-required\"><li class=\"choice-1 depth-1\"><input type=\"checkbox\" id=\"wpforms-213-field_26_1\" name=\"wpforms[fields][26][]\" value=\"Mit der Nutzung dieses Online-Formulares akzeptieren Sie unsere Datenschutzerkl\u00e4rung und best\u00e4tigen, diese zur Kenntnis genommen zu haben.\" aria-errormessage=\"wpforms-213-field_26_1-error\" required ><label class=\"wpforms-field-label-inline\" for=\"wpforms-213-field_26_1\">Mit der Nutzung dieses Online-Formulares akzeptieren Sie unsere Datenschutzerkl\u00e4rung und best\u00e4tigen, diese zur Kenntnis genommen zu haben.<\/label><\/li><li class=\"choice-3 depth-1\"><input type=\"checkbox\" id=\"wpforms-213-field_26_3\" name=\"wpforms[fields][26][]\" value=\"Ab dem 01. Januar 2025 erhebt die Stadt Halle (Saale) eine Beherbergungssteuer in H\u00f6he von 4% auf den Bruttopreis. Diese Steuer wird von der Stadtverwaltung eingef\u00fchrt und betrifft alle \u00dcbernachtungen in der Stadt. Als Gastgeber sind wir verpflichtet, diese Steuer von unseren G\u00e4sten einzuziehen und direkt an die Stadt abzuf\u00fchren. Daher wird der Steuerbetrag zus\u00e4tzlich zu den regul\u00e4ren Zimmerpreisen berechnet. Die entsprechende Summe wird automatisch auf Ihrer Rechnung ausgewiesen. Danke f\u00fcr Ihr Verst\u00e4ndnis!\" aria-errormessage=\"wpforms-213-field_26_3-error\" required ><label class=\"wpforms-field-label-inline\" for=\"wpforms-213-field_26_3\">Ab dem 01. Januar 2025 erhebt die Stadt Halle (Saale) eine Beherbergungssteuer in H\u00f6he von 4% auf den Bruttopreis. Diese Steuer wird von der Stadtverwaltung eingef\u00fchrt und betrifft alle \u00dcbernachtungen in der Stadt. Als Gastgeber sind wir verpflichtet, diese Steuer von unseren G\u00e4sten einzuziehen und direkt an die Stadt abzuf\u00fchren. Daher wird der Steuerbetrag zus\u00e4tzlich zu den regul\u00e4ren Zimmerpreisen berechnet. Die entsprechende Summe wird automatisch auf Ihrer Rechnung ausgewiesen. Danke f\u00fcr Ihr Verst\u00e4ndnis!<\/label><\/li><li class=\"choice-2 depth-1\"><input type=\"checkbox\" id=\"wpforms-213-field_26_2\" name=\"wpforms[fields][26][]\" value=\"Die von Ihnen angegebenen Daten werden elektronisch erhoben und gespeichert. Ihre Daten werden dabei ausschlie\u00dflich zweckgebunden zur Bearbeitung und Beantwortung Ihrer Anfrage genutzt.\" aria-errormessage=\"wpforms-213-field_26_2-error\" required ><label class=\"wpforms-field-label-inline\" for=\"wpforms-213-field_26_2\">Die von Ihnen angegebenen Daten werden elektronisch erhoben und gespeichert. Ihre Daten werden dabei ausschlie\u00dflich zweckgebunden zur Bearbeitung und Beantwortung Ihrer Anfrage genutzt.<\/label><\/li><\/ul><\/fieldset><\/div><\/div><!-- .wpforms-field-container --><div class=\"wpforms-submit-container\" ><input type=\"hidden\" name=\"wpforms[id]\" value=\"213\"><input type=\"hidden\" name=\"page_title\" value=\"\"><input type=\"hidden\" name=\"page_url\" value=\"https:\/\/xn--gstehaus-am-klinikum-bzb.de\/en\/wp-json\/wp\/v2\/pages\/84\"><input type=\"hidden\" name=\"url_referer\" value=\"\"><button type=\"submit\" name=\"wpforms[submit]\" id=\"wpforms-submit-213\" class=\"wpforms-submit\" data-alt-text=\"wird gesendet...\" data-submit-text=\"Anfrage absenden\" aria-live=\"assertive\" value=\"wpforms-submit\">Anfrage absenden<\/button><img loading=\"lazy\" decoding=\"async\" src=\"https:\/\/xn--gstehaus-am-klinikum-bzb.de\/wp-content\/plugins\/wpforms-lite\/assets\/images\/submit-spin.svg\" class=\"wpforms-submit-spinner\" style=\"display: none;\" width=\"26\" height=\"26\" alt=\"Loading\"><\/div><\/form><\/div>  <!-- .wpforms-container -->[\/et_pb_code][\/et_pb_column][\/et_pb_row][et_pb_row disabled_on=&#8220;on|on|on&#8220; _builder_version=&#8220;4.21.0&#8243; disabled=&#8220;on&#8220; global_colors_info=&#8220;{}&#8220;][et_pb_column type=&#8220;4_4&#8243; _builder_version=&#8220;4.16&#8243; global_colors_info=&#8220;{}&#8220;][et_pb_text _builder_version=&#8220;4.21.0&#8243; text_font_size=&#8220;18px&#8220; text_line_height=&#8220;1.8em&#8220; header_2_font=&#8220;||||||||&#8220; header_2_font_size=&#8220;39px&#8220; text_orientation=&#8220;center&#8220; max_width=&#8220;750px&#8220; module_alignment=&#8220;center&#8220; text_font_size_tablet=&#8220;16px&#8220; text_font_size_phone=&#8220;15px&#8220; text_font_size_last_edited=&#8220;on|phone&#8220; header_2_font_size_tablet=&#8220;48px&#8220; header_2_font_size_phone=&#8220;32px&#8220; header_2_font_size_last_edited=&#8220;on|phone&#8220; global_colors_info=&#8220;{}&#8220;]<\/p>\n<h2>Angebote und Informationen<\/h2>\n<p><span style=\"color: #000000;\">Wir informieren Sie via E-Mail \u00fcber saisonale Angebote und wichtige Neuigkeiten rund um ihren Aufenthalt in unserem Haus.<\/span><span style=\"color: #63986f;\"><\/span><\/p>\n<p>[\/et_pb_text][et_pb_signup mailchimp_list=&#8220;elegantthemestest|1ea2bbd026&#8243; layout=&#8220;top_bottom&#8220; first_name_field=&#8220;off&#8220; last_name_field=&#8220;off&#8220; button_text=&#8220;@ET-DC@eyJkeW5hbWljIjp0cnVlLCJjb250ZW50IjoicG9zdF9tZXRhX2tleSIsInNldHRpbmdzIjp7ImJlZm9yZSI6IiIsImFmdGVyIjoiIiwibWV0YV9rZXkiOiJBQk9OTklFUkVOIHwgc3Vic2NyaWJlIiwiZW5hYmxlX2h0bWwiOiJvZmYifX0=@&#8220; _builder_version=&#8220;4.20.2&#8243; _dynamic_attributes=&#8220;button_text&#8220; form_field_background_color=&#8220;rgba(0,0,0,0.06)&#8220; form_field_font_size=&#8220;16px&#8220; form_field_line_height=&#8220;1.8em&#8220; background_enable_color=&#8220;off&#8220; use_background_color=&#8220;off&#8220; custom_button=&#8220;on&#8220; button_text_size=&#8220;14px&#8220; button_text_color=&#8220;#ffffff&#8220; button_bg_color=&#8220;#63986f&#8220; button_border_color=&#8220;rgba(0,0,0,0)&#8220; button_border_radius=&#8220;0px&#8220; button_letter_spacing=&#8220;4px&#8220; button_font=&#8220;|700||on|||||&#8220; button_icon=&#8220;&#x24;||divi||400&#8243; button_custom_padding=&#8220;15px|40px|15px|40px|true|true&#8220; max_width=&#8220;520px&#8220; module_alignment=&#8220;center&#8220; border_radii_fields=&#8220;on|0px|0px|0px|0px&#8220; locked=&#8220;off&#8220; global_colors_info=&#8220;{}&#8220;][\/et_pb_signup][\/et_pb_column][\/et_pb_row][\/et_pb_section]<\/p>\n","protected":false},"excerpt":{"rendered":"<p>Anfragen und Buchungen G\u00c4STE HAUSWir freuen uns auf Ihren Besuch! In unmittelbarer Nachbarschaft zum Universit\u00e4tsklinikum Kr\u00f6llwitz der Martin-Luther-Universit\u00e4t Halle-Wittenberg, des Technologieparks Weinberg Campus (mit den Technologie- und Gr\u00fcnderzentren und dem Bio-Zentrum Halle) sowie der Fachbereiche Pharmazie \/ Chemie der Martin-Luther-Universit\u00e4t Halle-Wittenberg befindet sich unser G\u00e4stehaus.15% Rabatt Bei Buchung \u00fcber unsere WebseiteBUCHUNGSANFRAGE Sehr geehrte Damen und [&hellip;]<\/p>\n","protected":false},"author":1,"featured_media":0,"parent":0,"menu_order":0,"comment_status":"closed","ping_status":"closed","template":"","meta":{"_et_pb_use_builder":"on","_et_pb_old_content":"","_et_gb_content_width":"","footnotes":""},"class_list":["post-84","page","type-page","status-publish","hentry"],"_links":{"self":[{"href":"https:\/\/xn--gstehaus-am-klinikum-bzb.de\/en\/wp-json\/wp\/v2\/pages\/84","targetHints":{"allow":["GET"]}}],"collection":[{"href":"https:\/\/xn--gstehaus-am-klinikum-bzb.de\/en\/wp-json\/wp\/v2\/pages"}],"about":[{"href":"https:\/\/xn--gstehaus-am-klinikum-bzb.de\/en\/wp-json\/wp\/v2\/types\/page"}],"author":[{"embeddable":true,"href":"https:\/\/xn--gstehaus-am-klinikum-bzb.de\/en\/wp-json\/wp\/v2\/users\/1"}],"replies":[{"embeddable":true,"href":"https:\/\/xn--gstehaus-am-klinikum-bzb.de\/en\/wp-json\/wp\/v2\/comments?post=84"}],"version-history":[{"count":10,"href":"https:\/\/xn--gstehaus-am-klinikum-bzb.de\/en\/wp-json\/wp\/v2\/pages\/84\/revisions"}],"predecessor-version":[{"id":324,"href":"https:\/\/xn--gstehaus-am-klinikum-bzb.de\/en\/wp-json\/wp\/v2\/pages\/84\/revisions\/324"}],"wp:attachment":[{"href":"https:\/\/xn--gstehaus-am-klinikum-bzb.de\/en\/wp-json\/wp\/v2\/media?parent=84"}],"curies":[{"name":"wp","href":"https:\/\/api.w.org\/{rel}","templated":true}]}}